{"id":9038,"date":"2024-07-11T15:41:02","date_gmt":"2024-07-11T13:41:02","guid":{"rendered":"https:\/\/golovectrails.com\/?post_type=product&#038;p=9038"},"modified":"2025-12-11T17:23:45","modified_gmt":"2025-12-11T16:23:45","slug":"zenski-kolesarski-dres-pms-vsak-dan","status":"publish","type":"product","link":"https:\/\/golovectrails.com\/en_us\/product\/zenski-kolesarski-dres-pms-vsak-dan\/","title":{"rendered":"\u017denski MTB Dres &#8220;PMS vsak dan&#8221;"},"content":{"rendered":"<p><strong>What are PMS tours anyway?<\/strong><\/p>\n<p>So vodene ture, ki jih \u017ee tretje leto, vsak torek ob 17h, med marcem in oktobrom, organiziramo gorske kolesarke na Golovcu. Namenjene so dru\u017eenju, nabiranju izku\u0161enj na kolesu in raziskovanju manj znanih poti na Golovcu. PMS, ker \u201cPunce Mal Shredamo\u201d. V\u010dasih veliko, v\u010dasih sploh ne, v\u010dasih super dobro, v\u010dasih pa malo manj. Punce vejo, kako gre \u2013 PMS ob\u010dutki so jasni samo njim, tako\u00a0v lajfu,\u00a0kot na kolesu.<\/p>\n<p>Preberi ve\u010d o PMS turah <a href=\"https:\/\/www.mtb.si\/novice\/as-ded-al-si-baba\/\">HERE<\/a><\/p>","protected":false},"excerpt":{"rendered":"<p><strong>A jersey from mountain bikers for mountain bikers!<\/strong><\/p>\n<p>The idea was born in Golovec, and the implementation (Slovenian design AND sewing) was the work of mountain biker Darja Kodri\u010d, the owner of the brand. <a href=\"https:\/\/www.instagram.com\/_drop_wear\/?locale=sl\">Drop<\/a><\/p>\n<p>By purchasing a PMS jersey, you support the development of mountain biking activities for women at \u0160D Golovec trails every day!<\/p>\n<p>The jersey is suitable for year-round use due to its medium sleeve length, and the cut is tailored but just wide and long enough to provide maximum comfort. The jersey comes in a bag that you can use to store your cycling glasses later, and you also get a cleaning cloth for your glasses.<\/p>","protected":false},"featured_media":9045,"comment_status":"closed","ping_status":"closed","template":"","meta":{"site-sidebar-layout":"default","site-content-layout":"","ast-site-content-layout":"default","site-content-style":"default","site-sidebar-style":"default","ast-global-header-display":"","ast-banner-title-visibility":"","ast-main-header-display":"","ast-hfb-above-header-display":"","ast-hfb-below-header-display":"","ast-hfb-mobile-header-display":"","site-post-title":"","ast-breadcrumbs-content":"","ast-featured-img":"","footer-sml-layout":"","theme-transparent-header-meta":"default","adv-header-id-meta":"","stick-header-meta":"","header-above-stick-meta":"","header-main-stick-meta":"","header-below-stick-meta":"","astra-migrate-meta-layouts":"set","ast-page-background-enabled":"default","ast-page-background-meta":{"desktop":{"background-color":"var(--ast-global-color-4)","background-image":"","background-repeat":"repeat","background-position":"center center","background-size":"auto","background-attachment":"scroll","background-type":"","background-media":"","overlay-type":"","overlay-color":"","overlay-opacity":"","overlay-gradient":""},"tablet":{"background-color":"","background-image":"","background-repeat":"repeat","background-position":"center center","background-size":"auto","background-attachment":"scroll","background-type":"","background-media":"","overlay-type":"","overlay-color":"","overlay-opacity":"","overlay-gradient":""},"mobile":{"background-color":"","background-image":"","background-repeat":"repeat","background-position":"center center","background-size":"auto","background-attachment":"scroll","background-type":"","background-media":"","overlay-type":"","overlay-color":"","overlay-opacity":"","overlay-gradient":""}},"ast-content-background-meta":{"desktop":{"background-color":"var(--ast-global-color-5)","background-image":"","background-repeat":"repeat","background-position":"center center","background-size":"auto","background-attachment":"scroll","background-type":"","background-media":"","overlay-type":"","overlay-color":"","overlay-opacity":"","overlay-gradient":""},"tablet":{"background-color":"var(--ast-global-color-5)","background-image":"","background-repeat":"repeat","background-position":"center center","background-size":"auto","background-attachment":"scroll","background-type":"","background-media":"","overlay-type":"","overlay-color":"","overlay-opacity":"","overlay-gradient":""},"mobile":{"background-color":"var(--ast-global-color-5)","background-image":"","background-repeat":"repeat","background-position":"center center","background-size":"auto","background-attachment":"scroll","background-type":"","background-media":"","overlay-type":"","overlay-color":"","overlay-opacity":"","overlay-gradient":""}}},"product_brand":[],"product_cat":[23,25],"product_tag":[95,92,93,94],"yst_prominent_words":[],"class_list":{"0":"post-9038","1":"product","2":"type-product","3":"status-publish","4":"has-post-thumbnail","6":"product_cat-clothing","7":"product_cat-oblacila","8":"product_tag-drop","9":"product_tag-pms-ture","10":"product_tag-punce-mal-shredamo","11":"product_tag-zenski-dres","12":"desktop-align-left","13":"tablet-align-left","14":"mobile-align-left","16":"first","17":"instock","18":"shipping-taxable","19":"purchasable","20":"product-type-variable"},"_links":{"self":[{"href":"https:\/\/golovectrails.com\/en_us\/wp-json\/wp\/v2\/product\/9038","targetHints":{"allow":["GET"]}}],"collection":[{"href":"https:\/\/golovectrails.com\/en_us\/wp-json\/wp\/v2\/product"}],"about":[{"href":"https:\/\/golovectrails.com\/en_us\/wp-json\/wp\/v2\/types\/product"}],"replies":[{"embeddable":true,"href":"https:\/\/golovectrails.com\/en_us\/wp-json\/wp\/v2\/comments?post=9038"}],"version-history":[{"count":5,"href":"https:\/\/golovectrails.com\/en_us\/wp-json\/wp\/v2\/product\/9038\/revisions"}],"predecessor-version":[{"id":10401,"href":"https:\/\/golovectrails.com\/en_us\/wp-json\/wp\/v2\/product\/9038\/revisions\/10401"}],"wp:featuredmedia":[{"embeddable":true,"href":"https:\/\/golovectrails.com\/en_us\/wp-json\/wp\/v2\/media\/9045"}],"wp:attachment":[{"href":"https:\/\/golovectrails.com\/en_us\/wp-json\/wp\/v2\/media?parent=9038"}],"wp:term":[{"taxonomy":"product_brand","embeddable":true,"href":"https:\/\/golovectrails.com\/en_us\/wp-json\/wp\/v2\/product_brand?post=9038"},{"taxonomy":"product_cat","embeddable":true,"href":"https:\/\/golovectrails.com\/en_us\/wp-json\/wp\/v2\/product_cat?post=9038"},{"taxonomy":"product_tag","embeddable":true,"href":"https:\/\/golovectrails.com\/en_us\/wp-json\/wp\/v2\/product_tag?post=9038"},{"taxonomy":"yst_prominent_words","embeddable":true,"href":"https:\/\/golovectrails.com\/en_us\/wp-json\/wp\/v2\/yst_prominent_words?post=9038"}],"curies":[{"name":"wp","href":"https:\/\/api.w.org\/{rel}","templated":true}]}}