{"id":11035,"date":"2026-03-12T13:48:42","date_gmt":"2026-03-12T12:48:42","guid":{"rendered":"https:\/\/golovectrails.com\/?post_type=product&#038;p=11035"},"modified":"2026-03-12T13:50:51","modified_gmt":"2026-03-12T12:50:51","slug":"mesecni-tecaj-gorskega-kolesarjenja-2","status":"publish","type":"product","link":"https:\/\/golovectrails.com\/en_us\/product\/mesecni-tecaj-gorskega-kolesarjenja-2\/","title":{"rendered":"monthly mtb skills course"},"content":{"rendered":"<p>\u010ce \u017eelite narediti resen napredek v tehniki vo\u017enje, je mese\u010dni program najbolj\u0161i na\u010din u\u010denja.<\/p>\n<p>Te\u010daj poteka en mesec v osmih terminih, z dvema treningoma na teden, kar omogo\u010da dovolj \u010dasa za u\u010denje, ponavljanje in utrjevanje novih tehnik med posameznimi sre\u010danji.<\/p>","protected":false},"excerpt":{"rendered":"<p>\u010ce \u017eelite narediti resen napredek v tehniki vo\u017enje, je mese\u010dni program najbolj\u0161i na\u010din u\u010denja.<\/p>\n<p>Te\u010daj poteka en mesec v osmih terminih, z dvema treningoma na teden, kar omogo\u010da dovolj \u010dasa za u\u010denje, ponavljanje in utrjevanje novih tehnik med posameznimi sre\u010danji.<\/p>","protected":false},"featured_media":7319,"comment_status":"open","ping_status":"closed","template":"","meta":{"site-sidebar-layout":"default","site-content-layout":"","ast-site-content-layout":"default","site-content-style":"default","site-sidebar-style":"default","ast-global-header-display":"","ast-banner-title-visibility":"","ast-main-header-display":"","ast-hfb-above-header-display":"","ast-hfb-below-header-display":"","ast-hfb-mobile-header-display":"","site-post-title":"","ast-breadcrumbs-content":"","ast-featured-img":"","footer-sml-layout":"","theme-transparent-header-meta":"default","adv-header-id-meta":"","stick-header-meta":"","header-above-stick-meta":"","header-main-stick-meta":"","header-below-stick-meta":"","astra-migrate-meta-layouts":"set","ast-page-background-enabled":"default","ast-page-background-meta":{"desktop":{"background-color":"var(--ast-global-color-4)","background-image":"","background-repeat":"repeat","background-position":"center center","background-size":"auto","background-attachment":"scroll","background-type":"","background-media":"","overlay-type":"","overlay-color":"","overlay-opacity":"","overlay-gradient":""},"tablet":{"background-color":"","background-image":"","background-repeat":"repeat","background-position":"center center","background-size":"auto","background-attachment":"scroll","background-type":"","background-media":"","overlay-type":"","overlay-color":"","overlay-opacity":"","overlay-gradient":""},"mobile":{"background-color":"","background-image":"","background-repeat":"repeat","background-position":"center center","background-size":"auto","background-attachment":"scroll","background-type":"","background-media":"","overlay-type":"","overlay-color":"","overlay-opacity":"","overlay-gradient":""}},"ast-content-background-meta":{"desktop":{"background-color":"var(--ast-global-color-5)","background-image":"","background-repeat":"repeat","background-position":"center center","background-size":"auto","background-attachment":"scroll","background-type":"","background-media":"","overlay-type":"","overlay-color":"","overlay-opacity":"","overlay-gradient":""},"tablet":{"background-color":"var(--ast-global-color-5)","background-image":"","background-repeat":"repeat","background-position":"center center","background-size":"auto","background-attachment":"scroll","background-type":"","background-media":"","overlay-type":"","overlay-color":"","overlay-opacity":"","overlay-gradient":""},"mobile":{"background-color":"var(--ast-global-color-5)","background-image":"","background-repeat":"repeat","background-position":"center center","background-size":"auto","background-attachment":"scroll","background-type":"","background-media":"","overlay-type":"","overlay-color":"","overlay-opacity":"","overlay-gradient":""}}},"product_brand":[],"product_cat":[91,17],"product_tag":[],"yst_prominent_words":[],"class_list":{"0":"post-11035","1":"product","2":"type-product","3":"status-publish","4":"has-post-thumbnail","6":"product_cat-tecaji","7":"product_cat-uncategorized","8":"desktop-align-left","9":"tablet-align-left","10":"mobile-align-left","12":"first","13":"instock","14":"virtual","15":"purchasable","16":"product-type-simple"},"_links":{"self":[{"href":"https:\/\/golovectrails.com\/en_us\/wp-json\/wp\/v2\/product\/11035","targetHints":{"allow":["GET"]}}],"collection":[{"href":"https:\/\/golovectrails.com\/en_us\/wp-json\/wp\/v2\/product"}],"about":[{"href":"https:\/\/golovectrails.com\/en_us\/wp-json\/wp\/v2\/types\/product"}],"replies":[{"embeddable":true,"href":"https:\/\/golovectrails.com\/en_us\/wp-json\/wp\/v2\/comments?post=11035"}],"version-history":[{"count":1,"href":"https:\/\/golovectrails.com\/en_us\/wp-json\/wp\/v2\/product\/11035\/revisions"}],"predecessor-version":[{"id":11036,"href":"https:\/\/golovectrails.com\/en_us\/wp-json\/wp\/v2\/product\/11035\/revisions\/11036"}],"wp:featuredmedia":[{"embeddable":true,"href":"https:\/\/golovectrails.com\/en_us\/wp-json\/wp\/v2\/media\/7319"}],"wp:attachment":[{"href":"https:\/\/golovectrails.com\/en_us\/wp-json\/wp\/v2\/media?parent=11035"}],"wp:term":[{"taxonomy":"product_brand","embeddable":true,"href":"https:\/\/golovectrails.com\/en_us\/wp-json\/wp\/v2\/product_brand?post=11035"},{"taxonomy":"product_cat","embeddable":true,"href":"https:\/\/golovectrails.com\/en_us\/wp-json\/wp\/v2\/product_cat?post=11035"},{"taxonomy":"product_tag","embeddable":true,"href":"https:\/\/golovectrails.com\/en_us\/wp-json\/wp\/v2\/product_tag?post=11035"},{"taxonomy":"yst_prominent_words","embeddable":true,"href":"https:\/\/golovectrails.com\/en_us\/wp-json\/wp\/v2\/yst_prominent_words?post=11035"}],"curies":[{"name":"wp","href":"https:\/\/api.w.org\/{rel}","templated":true}]}}